{"id":1767,"date":"2025-07-08T16:19:52","date_gmt":"2025-07-08T20:19:52","guid":{"rendered":"https:\/\/mandys.ca\/site-2-5-accueil\/"},"modified":"2026-04-09T09:55:24","modified_gmt":"2026-04-09T13:55:24","slug":"accueil","status":"publish","type":"page","link":"https:\/\/mandys.ca\/fr\/","title":{"rendered":"Bienvenue chez nous"},"content":{"rendered":"\t\t<div data-elementor-type=\"wp-page\" data-elementor-id=\"1767\" class=\"elementor elementor-1767 elementor-377\" data-elementor-post-type=\"page\">\n\t\t\t\t<div class=\"elementor-element elementor-element-b5ad2d5 e-con-full e-flex e-con e-parent\" data-id=\"b5ad2d5\" data-element_type=\"container\" data-e-type=\"container\">\n\t\t\t\t<div class=\"elementor-element elementor-element-2d5dc37 elementor--h-position-center elementor--v-position-middle elementor-arrows-position-inside elementor-pagination-position-inside elementor-widget elementor-widget-slides\" data-id=\"2d5dc37\" data-element_type=\"widget\" data-e-type=\"widget\" data-settings=\"{&quot;transition&quot;:&quot;fade&quot;,&quot;transition_speed&quot;:700,&quot;_animation&quot;:&quot;none&quot;,&quot;autoplay_speed&quot;:4500,&quot;navigation&quot;:&quot;both&quot;,&quot;autoplay&quot;:&quot;yes&quot;,&quot;pause_on_hover&quot;:&quot;yes&quot;,&quot;pause_on_interaction&quot;:&quot;yes&quot;,&quot;infinite&quot;:&quot;yes&quot;}\" data-widget_type=\"slides.default\">\n\t\t\t\t<div class=\"elementor-widget-container\">\n\t\t\t\t\t\t\t\t\t<div class=\"elementor-swiper\">\n\t\t\t\t\t<div class=\"elementor-slides-wrapper elementor-main-swiper swiper\" role=\"region\" aria-roledescription=\"carousel\" aria-label=\"Homepage Slider\" dir=\"ltr\" data-animation=\"fadeInDown\">\n\t\t\t\t<div class=\"swiper-wrapper elementor-slides\">\n\t\t\t\t\t\t\t\t\t\t<div class=\"elementor-repeater-item-b23ebec swiper-slide\" role=\"group\" aria-roledescription=\"slide\"><div class=\"swiper-slide-bg elementor-ken-burns elementor-ken-burns--in\" role=\"img\" aria-label=\"Mandys Ordering Cover\"><\/div><div class=\"elementor-background-overlay\"><\/div><div class=\"swiper-slide-inner\" ><div class=\"swiper-slide-contents\"><h1 class=\"elementor-slide-heading\">Salades gourmandes<\/h1><h2 class=\"elementor-slide-description\"><p>est. 2004<\/p>\n<\/h2><a href=\"#order-popup\" class=\"elementor-button elementor-slide-button elementor-size-md\">Commandez aujourd'hui !<\/a><\/div><\/div><\/div><div class=\"elementor-repeater-item-f18ebab swiper-slide\" role=\"group\" aria-roledescription=\"slide\"><div class=\"swiper-slide-bg elementor-ken-burns elementor-ken-burns--in\" role=\"img\" aria-label=\"Soupes\"><\/div><div class=\"elementor-background-overlay\"><\/div><div class=\"swiper-slide-inner\" ><div class=\"swiper-slide-contents\"><h1 class=\"elementor-slide-heading\">Les soupes sont de retour<\/h1><h2 class=\"elementor-slide-description\"><p>Savourez le r\u00e9confort<\/p>\n<\/h2><a href=\"https:\/\/mandys.ca\/fr\/soupes\/\" class=\"elementor-button elementor-slide-button elementor-size-md\">Voir le menu<\/a><\/div><\/div><\/div><div class=\"elementor-repeater-item-dd20250 swiper-slide\" role=\"group\" aria-roledescription=\"slide\"><div class=\"swiper-slide-bg elementor-ken-burns elementor-ken-burns--in\" role=\"img\" aria-label=\"Mandy&#039;s Near You\"><\/div><div class=\"elementor-background-overlay\"><\/div><div class=\"swiper-slide-inner\" ><div class=\"swiper-slide-contents\"><h1 class=\"elementor-slide-heading\">Mandy\u2019s pr\u00e8s de vous<\/h1><h2 class=\"elementor-slide-description\"><p>Montr\u00e9al \u00b7 Toronto \u00b7 Ottawa<\/p>\n<\/h2><a href=\"https:\/\/mandys.ca\/fr\/succursales\/\" class=\"elementor-button elementor-slide-button elementor-size-md\">D\u00e9couvrez nos adresses<\/a><\/div><\/div><\/div><div class=\"elementor-repeater-item-01f4e33 swiper-slide\" role=\"group\" aria-roledescription=\"slide\"><div class=\"swiper-slide-bg elementor-ken-burns elementor-ken-burns--in\" role=\"img\" aria-label=\"Riche en prot\u00e9ines\"><\/div><div class=\"elementor-background-overlay\"><\/div><div class=\"swiper-slide-inner\" ><div class=\"swiper-slide-contents\"><h1 class=\"elementor-slide-heading\">Riche en prot\u00e9ines<\/h1><a href=\"#order-popup\" class=\"elementor-button elementor-slide-button elementor-size-md\">Commandez d\u00e8s aujourd'hui<\/a><\/div><\/div><\/div><div class=\"elementor-repeater-item-13df5d1 swiper-slide\" role=\"group\" aria-roledescription=\"slide\"><div class=\"swiper-slide-bg elementor-ken-burns elementor-ken-burns--in\" role=\"img\" aria-label=\"004\"><\/div><div class=\"elementor-background-overlay\"><\/div><div class=\"swiper-slide-inner\" ><div class=\"swiper-slide-contents\"><h1 class=\"elementor-slide-heading\">Le club du matin<\/h1><h2 class=\"elementor-slide-description\"><p>Petit-d\u00e9jeuner pr\u00eat-\u00e0-manger d\u00e8s 8h<\/p>\n<\/h2><a href=\"https:\/\/mandys.ca\/fr\/succursales\/\" class=\"elementor-button elementor-slide-button elementor-size-md\">Trouvez un Mandy's<\/a><\/div><\/div><\/div>\t\t\t\t<\/div>\n\t\t\t\t\t\t\t\t\t\t\t\t\t\t\t<div class=\"elementor-swiper-button elementor-swiper-button-prev\" role=\"button\" tabindex=\"0\" aria-label=\"Previous slide\">\n\t\t\t\t\t\t\t<svg aria-hidden=\"true\" class=\"e-font-icon-svg e-eicon-chevron-left\" viewBox=\"0 0 1000 1000\" xmlns=\"http:\/\/www.w3.org\/2000\/svg\"><path d=\"M646 125C629 125 613 133 604 142L308 442C296 454 292 471 292 487 292 504 296 521 308 533L604 854C617 867 629 875 646 875 663 875 679 871 692 858 704 846 713 829 713 812 713 796 708 779 692 767L438 487 692 225C700 217 708 204 708 187 708 171 704 154 692 142 675 129 663 125 646 125Z\"><\/path><\/svg>\t\t\t\t\t\t<\/div>\n\t\t\t\t\t\t<div class=\"elementor-swiper-button elementor-swiper-button-next\" role=\"button\" tabindex=\"0\" aria-label=\"Next slide\">\n\t\t\t\t\t\t\t<svg aria-hidden=\"true\" class=\"e-font-icon-svg e-eicon-chevron-right\" viewBox=\"0 0 1000 1000\" xmlns=\"http:\/\/www.w3.org\/2000\/svg\"><path d=\"M696 533C708 521 713 504 713 487 713 471 708 454 696 446L400 146C388 133 375 125 354 125 338 125 325 129 313 142 300 154 292 171 292 187 292 204 296 221 308 233L563 492 304 771C292 783 288 800 288 817 288 833 296 850 308 863 321 871 338 875 354 875 371 875 388 867 400 854L696 533Z\"><\/path><\/svg>\t\t\t\t\t\t<\/div>\n\t\t\t\t\t\t\t\t\t\t\t\t\t\t\t\t<div class=\"swiper-pagination\"><\/div>\n\t\t\t\t\t\t\t\t\t\t\t\t<\/div>\n\t\t\t\t<\/div>\n\t\t\t\t\t\t\t\t<\/div>\n\t\t\t\t<\/div>\n\t\t\t\t<div class=\"elementor-element elementor-element-07765f8 elementor-hidden-desktop elementor-hidden-tablet elementor-hidden-mobile elementor--h-position-center elementor--v-position-middle elementor-arrows-position-inside elementor-pagination-position-inside elementor-widget elementor-widget-slides\" data-id=\"07765f8\" data-element_type=\"widget\" data-e-type=\"widget\" data-settings=\"{&quot;transition&quot;:&quot;fade&quot;,&quot;transition_speed&quot;:700,&quot;_animation&quot;:&quot;none&quot;,&quot;autoplay_speed&quot;:4500,&quot;navigation&quot;:&quot;both&quot;,&quot;autoplay&quot;:&quot;yes&quot;,&quot;pause_on_hover&quot;:&quot;yes&quot;,&quot;pause_on_interaction&quot;:&quot;yes&quot;,&quot;infinite&quot;:&quot;yes&quot;}\" data-widget_type=\"slides.default\">\n\t\t\t\t<div class=\"elementor-widget-container\">\n\t\t\t\t\t\t\t\t\t<div class=\"elementor-swiper\">\n\t\t\t\t\t<div class=\"elementor-slides-wrapper elementor-main-swiper swiper\" role=\"region\" aria-roledescription=\"carousel\" aria-label=\"Homepage Slider\" dir=\"ltr\" data-animation=\"fadeInDown\">\n\t\t\t\t<div class=\"swiper-wrapper elementor-slides\">\n\t\t\t\t\t\t\t\t\t\t<div class=\"elementor-repeater-item-b23ebec swiper-slide\" role=\"group\" aria-roledescription=\"slide\"><div class=\"swiper-slide-bg elementor-ken-burns elementor-ken-burns--in\" role=\"img\" aria-label=\"Mandys Ordering Cover\"><\/div><div class=\"elementor-background-overlay\"><\/div><div class=\"swiper-slide-inner\" ><div class=\"swiper-slide-contents\"><h1 class=\"elementor-slide-heading\">Salades gourmandes<\/h1><h2 class=\"elementor-slide-description\"><p>est. 2004<\/p>\n<\/h2><a href=\"#order-popup\" class=\"elementor-button elementor-slide-button elementor-size-md\">Commandez aujourd'hui !<\/a><\/div><\/div><\/div><div class=\"elementor-repeater-item-f18ebab swiper-slide\" role=\"group\" aria-roledescription=\"slide\"><div class=\"swiper-slide-bg elementor-ken-burns elementor-ken-burns--in\" role=\"img\" aria-label=\"Nouveau menu\"><\/div><div class=\"elementor-background-overlay\"><\/div><div class=\"swiper-slide-inner\" ><div class=\"swiper-slide-contents\"><h1 class=\"elementor-slide-heading\">Nouveau menu<\/h1><h2 class=\"elementor-slide-description\"><p>Savourez le printemps<\/p>\n<\/h2><a href=\"#order-popup\" class=\"elementor-button elementor-slide-button elementor-size-md\">Commandez<\/a><\/div><\/div><\/div><div class=\"elementor-repeater-item-dd20250 swiper-slide\" role=\"group\" aria-roledescription=\"slide\"><div class=\"swiper-slide-bg elementor-ken-burns elementor-ken-burns--in\" role=\"img\" aria-label=\"Distillery Temporary LP\"><\/div><div class=\"elementor-background-overlay\"><\/div><div class=\"swiper-slide-inner\" ><div class=\"swiper-slide-contents\"><h1 class=\"elementor-slide-heading\">Bonjour, Distillery District<\/h1><h2 class=\"elementor-slide-description\"><p>Nous sommes ouverts, venez nous dire bonjour !<\/p>\n<\/h2><a href=\"https:\/\/order.mandys.ca\/\" target=\"_blank\" class=\"elementor-button elementor-slide-button elementor-size-md\">Commandez en ligne<\/a><\/div><\/div><\/div><div class=\"elementor-repeater-item-13df5d1 swiper-slide\" role=\"group\" aria-roledescription=\"slide\"><div class=\"swiper-slide-bg elementor-ken-burns elementor-ken-burns--in\" role=\"img\" aria-label=\"Le club du matin\"><\/div><div class=\"elementor-background-overlay\"><\/div><div class=\"swiper-slide-inner\" ><div class=\"swiper-slide-contents\"><h1 class=\"elementor-slide-heading\">Le club du matin<\/h1><h2 class=\"elementor-slide-description\"><p>Petit-d\u00e9jeuner d\u00e8s 8h<\/p>\n<\/h2><a href=\"#order-popup\" class=\"elementor-button elementor-slide-button elementor-size-md\">Commandez !<\/a><\/div><\/div><\/div><div class=\"elementor-repeater-item-01f4e33 swiper-slide\" role=\"group\" aria-roledescription=\"slide\"><div class=\"swiper-slide-bg elementor-ken-burns elementor-ken-burns--in\" role=\"img\" aria-label=\"Seared Tuna\"><\/div><div class=\"elementor-background-overlay\"><\/div><div class=\"swiper-slide-inner\" ><div class=\"swiper-slide-contents\"><h1 class=\"elementor-slide-heading\">Riche en prot\u00e9ines<\/h1><a href=\"#order-popup\" class=\"elementor-button elementor-slide-button elementor-size-md\">Commandez d\u00e8s aujourd'hui<\/a><\/div><\/div><\/div><div class=\"elementor-repeater-item-f942bef swiper-slide\" role=\"group\" aria-roledescription=\"slide\"><div class=\"swiper-slide-bg elementor-ken-burns elementor-ken-burns--in\" role=\"img\" aria-label=\"006\"><\/div><div class=\"elementor-background-overlay\"><\/div><div class=\"swiper-slide-inner\" ><div class=\"swiper-slide-contents\"><h1 class=\"elementor-slide-heading\">Fait avec amour<\/h1><h2 class=\"elementor-slide-description\"><p>Livres de recettes, produits Mandy's et plus !<\/p>\n<\/h2><a href=\"https:\/\/shop.mandys.ca\/fr\/collections\/tous\" target=\"_blank\" class=\"elementor-button elementor-slide-button elementor-size-md\">Magasinez<\/a><\/div><\/div><\/div><div class=\"elementor-repeater-item-96929ca swiper-slide\" role=\"group\" aria-roledescription=\"slide\"><div class=\"swiper-slide-bg elementor-ken-burns elementor-ken-burns--in\" role=\"img\" aria-label=\"Mandy\u2019s pr\u00e8s de vous\"><\/div><div class=\"elementor-background-overlay\"><\/div><div class=\"swiper-slide-inner\" ><div class=\"swiper-slide-contents\"><h1 class=\"elementor-slide-heading\">Mandy\u2019s pr\u00e8s de vous<\/h1><h2 class=\"elementor-slide-description\"><p>Montr\u00e9al \u00b7 Toronto \u00b7 Ottawa<\/p>\n<\/h2><a href=\"https:\/\/mandys.ca\/fr\/succursales\/\" class=\"elementor-button elementor-slide-button elementor-size-md\">D\u00e9couvrez nos adresses<\/a><\/div><\/div><\/div>\t\t\t\t<\/div>\n\t\t\t\t\t\t\t\t\t\t\t\t\t\t\t<div class=\"elementor-swiper-button elementor-swiper-button-prev\" role=\"button\" tabindex=\"0\" aria-label=\"Previous slide\">\n\t\t\t\t\t\t\t<svg aria-hidden=\"true\" class=\"e-font-icon-svg e-eicon-chevron-left\" viewBox=\"0 0 1000 1000\" xmlns=\"http:\/\/www.w3.org\/2000\/svg\"><path d=\"M646 125C629 125 613 133 604 142L308 442C296 454 292 471 292 487 292 504 296 521 308 533L604 854C617 867 629 875 646 875 663 875 679 871 692 858 704 846 713 829 713 812 713 796 708 779 692 767L438 487 692 225C700 217 708 204 708 187 708 171 704 154 692 142 675 129 663 125 646 125Z\"><\/path><\/svg>\t\t\t\t\t\t<\/div>\n\t\t\t\t\t\t<div class=\"elementor-swiper-button elementor-swiper-button-next\" role=\"button\" tabindex=\"0\" aria-label=\"Next slide\">\n\t\t\t\t\t\t\t<svg aria-hidden=\"true\" class=\"e-font-icon-svg e-eicon-chevron-right\" viewBox=\"0 0 1000 1000\" xmlns=\"http:\/\/www.w3.org\/2000\/svg\"><path d=\"M696 533C708 521 713 504 713 487 713 471 708 454 696 446L400 146C388 133 375 125 354 125 338 125 325 129 313 142 300 154 292 171 292 187 292 204 296 221 308 233L563 492 304 771C292 783 288 800 288 817 288 833 296 850 308 863 321 871 338 875 354 875 371 875 388 867 400 854L696 533Z\"><\/path><\/svg>\t\t\t\t\t\t<\/div>\n\t\t\t\t\t\t\t\t\t\t\t\t\t\t\t\t<div class=\"swiper-pagination\"><\/div>\n\t\t\t\t\t\t\t\t\t\t\t\t<\/div>\n\t\t\t\t<\/div>\n\t\t\t\t\t\t\t\t<\/div>\n\t\t\t\t<\/div>\n\t\t\t\t<\/div>\n\t\t\t\t<\/div>\n\t\t","protected":false},"excerpt":{"rendered":"<p>Mandy&rsquo;s : Laissez-vous tenter par des salades et des bols vibrants et personnalisables \u00e0 Montr\u00e9al et \u00e0 Toronto. D\u00e9couvrez des ingr\u00e9dients frais, des vinaigrettes uniques et un menu d\u00e9licieux. Commandez en ligne ou visitez nos emplacements chics pour un repas sain et satisfaisant.  <\/p>\n","protected":false},"author":1,"featured_media":0,"parent":0,"menu_order":0,"comment_status":"closed","ping_status":"closed","template":"","meta":{"_acf_changed":false,"footnotes":""},"class_list":["post-1767","page","type-page","status-publish","hentry"],"acf":[],"_links":{"self":[{"href":"https:\/\/mandys.ca\/fr\/wp-json\/wp\/v2\/pages\/1767","targetHints":{"allow":["GET"]}}],"collection":[{"href":"https:\/\/mandys.ca\/fr\/wp-json\/wp\/v2\/pages"}],"about":[{"href":"https:\/\/mandys.ca\/fr\/wp-json\/wp\/v2\/types\/page"}],"author":[{"embeddable":true,"href":"https:\/\/mandys.ca\/fr\/wp-json\/wp\/v2\/users\/1"}],"replies":[{"embeddable":true,"href":"https:\/\/mandys.ca\/fr\/wp-json\/wp\/v2\/comments?post=1767"}],"version-history":[{"count":5,"href":"https:\/\/mandys.ca\/fr\/wp-json\/wp\/v2\/pages\/1767\/revisions"}],"predecessor-version":[{"id":6543,"href":"https:\/\/mandys.ca\/fr\/wp-json\/wp\/v2\/pages\/1767\/revisions\/6543"}],"wp:attachment":[{"href":"https:\/\/mandys.ca\/fr\/wp-json\/wp\/v2\/media?parent=1767"}],"curies":[{"name":"wp","href":"https:\/\/api.w.org\/{rel}","templated":true}]}}