{"id":1881,"date":"2025-02-05T14:00:58","date_gmt":"2025-02-05T19:00:58","guid":{"rendered":"https:\/\/mandys.ca\/notre-histoire\/"},"modified":"2026-03-06T14:55:36","modified_gmt":"2026-03-06T19:55:36","slug":"notre-histoire","status":"publish","type":"page","link":"https:\/\/mandys.ca\/fr\/notre-histoire\/","title":{"rendered":"L&rsquo;histoire de Mandy&rsquo;s : Les s\u0153urs Salad"},"content":{"rendered":"\t\t<div data-elementor-type=\"wp-page\" data-elementor-id=\"1881\" class=\"elementor elementor-1881 elementor-1072\" data-elementor-post-type=\"page\">\n\t\t\t\t<div class=\"elementor-element elementor-element-b5ad2d5 e-con-full elementor-hidden-mobile e-flex e-con e-parent\" data-id=\"b5ad2d5\" data-element_type=\"container\" data-e-type=\"container\" data-settings=\"{&quot;background_background&quot;:&quot;classic&quot;}\">\n\t\t<div class=\"elementor-element elementor-element-27d91c3 e-con-full e-flex e-con e-child\" data-id=\"27d91c3\" data-element_type=\"container\" data-e-type=\"container\" data-settings=\"{&quot;background_background&quot;:&quot;classic&quot;}\">\n\t\t<div class=\"elementor-element elementor-element-26e4359 e-con-full e-flex e-con e-child\" data-id=\"26e4359\" data-element_type=\"container\" data-e-type=\"container\" data-settings=\"{&quot;background_background&quot;:&quot;classic&quot;}\">\n\t\t\t\t<div class=\"elementor-element elementor-element-acb4787 elementor-widget elementor-widget-heading\" data-id=\"acb4787\" data-element_type=\"widget\" data-e-type=\"widget\" data-widget_type=\"heading.default\">\n\t\t\t\t<div class=\"elementor-widget-container\">\n\t\t\t\t\t<h2 class=\"elementor-heading-title elementor-size-default\">Notre histoire<\/h2>\t\t\t\t<\/div>\n\t\t\t\t<\/div>\n\t\t\t\t<div class=\"elementor-element elementor-element-2917dd6 elementor-widget elementor-widget-text-editor\" data-id=\"2917dd6\" data-element_type=\"widget\" data-e-type=\"widget\" data-widget_type=\"text-editor.default\">\n\t\t\t\t<div class=\"elementor-widget-container\">\n\t\t\t\t\t\t\t\t\tBref historique des Soeurs salades : en 2004, Mandy et Rebecca Wolfe ouvrent le premier comptoir \u00ab cr\u00e9er votre propre salade \u00bb dans l\u2019arri\u00e8re-boutique d\u2019un magasin de v\u00eatements pour femmes \u00e0 Montr\u00e9al.\t\t\t\t\t\t\t\t<\/div>\n\t\t\t\t<\/div>\n\t\t\t\t<\/div>\n\t\t\t\t<\/div>\n\t\t\t\t<\/div>\n\t\t<div class=\"elementor-element elementor-element-fdf5ecc e-con-full elementor-hidden-desktop elementor-hidden-tablet e-flex e-con e-parent\" data-id=\"fdf5ecc\" data-element_type=\"container\" data-e-type=\"container\" data-settings=\"{&quot;background_background&quot;:&quot;classic&quot;}\">\n\t\t\t\t<\/div>\n\t\t<div class=\"elementor-element elementor-element-68dfcaa e-con-full elementor-hidden-desktop elementor-hidden-tablet e-flex e-con e-parent\" data-id=\"68dfcaa\" data-element_type=\"container\" data-e-type=\"container\">\n\t\t\t\t<div class=\"elementor-element elementor-element-0e8796b elementor-widget elementor-widget-heading\" data-id=\"0e8796b\" data-element_type=\"widget\" data-e-type=\"widget\" data-widget_type=\"heading.default\">\n\t\t\t\t<div class=\"elementor-widget-container\">\n\t\t\t\t\t<h2 class=\"elementor-heading-title elementor-size-default\">Notre histoire<\/h2>\t\t\t\t<\/div>\n\t\t\t\t<\/div>\n\t\t\t\t<div class=\"elementor-element elementor-element-ef8f9a7 elementor-widget elementor-widget-text-editor\" data-id=\"ef8f9a7\" data-element_type=\"widget\" data-e-type=\"widget\" data-widget_type=\"text-editor.default\">\n\t\t\t\t<div class=\"elementor-widget-container\">\n\t\t\t\t\t\t\t\t\t<p>Bref historique des Soeurs salades : en 2004, Mandy et Rebecca Wolfe ouvrent le premier comptoir \u00ab cr\u00e9er votre propre salade \u00bb dans l\u2019arri\u00e8re-boutique d\u2019un magasin de v\u00eatements pour femmes \u00e0 Montr\u00e9al.<\/p>\t\t\t\t\t\t\t\t<\/div>\n\t\t\t\t<\/div>\n\t\t\t\t<\/div>\n\t\t<div class=\"elementor-element elementor-element-fd46f72 e-flex e-con-boxed e-con e-parent\" data-id=\"fd46f72\" data-element_type=\"container\" data-e-type=\"container\">\n\t\t\t\t\t<div class=\"e-con-inner\">\n\t\t<div class=\"elementor-element elementor-element-766c32c e-con-full e-flex e-con e-child\" data-id=\"766c32c\" data-element_type=\"container\" data-e-type=\"container\">\n\t\t\t\t<div class=\"elementor-element elementor-element-43d8ebb elementor-widget elementor-widget-image\" data-id=\"43d8ebb\" data-element_type=\"widget\" data-e-type=\"widget\" data-widget_type=\"image.default\">\n\t\t\t\t<div class=\"elementor-widget-container\">\n\t\t\t\t\t\t\t\t\t\t\t\t\t\t\t<img fetchpriority=\"high\" decoding=\"async\" width=\"800\" height=\"800\" src=\"https:\/\/mandys.ca\/wp-content\/uploads\/2025\/02\/story02-1024x1024.webp\" class=\"attachment-large size-large wp-image-6380\" alt=\"\" srcset=\"https:\/\/mandys.ca\/wp-content\/uploads\/2025\/02\/story02-1024x1024.webp 1024w, https:\/\/mandys.ca\/wp-content\/uploads\/2025\/02\/story02-300x300.webp 300w, https:\/\/mandys.ca\/wp-content\/uploads\/2025\/02\/story02-150x150.webp 150w, https:\/\/mandys.ca\/wp-content\/uploads\/2025\/02\/story02-768x768.webp 768w, https:\/\/mandys.ca\/wp-content\/uploads\/2025\/02\/story02.webp 1440w\" sizes=\"(max-width: 800px) 100vw, 800px\" \/>\t\t\t\t\t\t\t\t\t\t\t\t\t\t\t<\/div>\n\t\t\t\t<\/div>\n\t\t\t\t<\/div>\n\t\t<div class=\"elementor-element elementor-element-9f8d8f7 e-con-full e-flex e-con e-child\" data-id=\"9f8d8f7\" data-element_type=\"container\" data-e-type=\"container\">\n\t\t\t\t<div class=\"elementor-element elementor-element-1330ec0 elementor-widget elementor-widget-text-editor\" data-id=\"1330ec0\" data-element_type=\"widget\" data-e-type=\"widget\" data-widget_type=\"text-editor.default\">\n\t\t\t\t<div class=\"elementor-widget-container\">\n\t\t\t\t\t\t\t\t\tN&rsquo;ayant aucune exp\u00e9rience dans le domaine de la gastronomie, des affaires, du marketing ou de la publicit\u00e9, les deux s\u0153urs ont jou\u00e9 de leurs atouts : Mandy a imagin\u00e9 un menu original tandis que Rebecca a con\u00e7u l&rsquo;int\u00e9rieur du restaurant. Ils ont crois\u00e9 les doigts et ouvert les portes&#8230;.. \t\t\t\t\t\t\t\t<\/div>\n\t\t\t\t<\/div>\n\t\t\t\t<\/div>\n\t\t\t\t\t<\/div>\n\t\t\t\t<\/div>\n\t\t<div class=\"elementor-element elementor-element-1abdd3b e-flex e-con-boxed e-con e-parent\" data-id=\"1abdd3b\" data-element_type=\"container\" data-e-type=\"container\">\n\t\t\t\t\t<div class=\"e-con-inner\">\n\t\t<div class=\"elementor-element elementor-element-278a17a e-con-full e-flex e-con e-child\" data-id=\"278a17a\" data-element_type=\"container\" data-e-type=\"container\">\n\t\t\t\t<div class=\"elementor-element elementor-element-a634df7 elementor-widget elementor-widget-text-editor\" data-id=\"a634df7\" data-element_type=\"widget\" data-e-type=\"widget\" data-widget_type=\"text-editor.default\">\n\t\t\t\t<div class=\"elementor-widget-container\">\n\t\t\t\t\t\t\t\t\tContre toute attente, elles r\u00e9ussissent! Le peuple s\u2019est exprim\u00e9!  Les gens voulaient des salades gourmandes. Les soeurs r\u00e9pondent \u00e0 peine \u00e0 la demande alors que les gens se passent le mot et la famille Mandys des amateurs de salades grandie. \t\t\t\t\t\t\t\t<\/div>\n\t\t\t\t<\/div>\n\t\t\t\t<\/div>\n\t\t<div class=\"elementor-element elementor-element-c980e60 e-con-full e-flex e-con e-child\" data-id=\"c980e60\" data-element_type=\"container\" data-e-type=\"container\">\n\t\t\t\t<div class=\"elementor-element elementor-element-3b874dd elementor-widget elementor-widget-image\" data-id=\"3b874dd\" data-element_type=\"widget\" data-e-type=\"widget\" data-widget_type=\"image.default\">\n\t\t\t\t<div class=\"elementor-widget-container\">\n\t\t\t\t\t\t\t\t\t\t\t\t\t\t\t<img decoding=\"async\" width=\"800\" height=\"800\" src=\"https:\/\/mandys.ca\/wp-content\/uploads\/2025\/02\/Mandys-Story-2-1024x1024.webp\" class=\"attachment-large size-large wp-image-6382\" alt=\"\" srcset=\"https:\/\/mandys.ca\/wp-content\/uploads\/2025\/02\/Mandys-Story-2-1024x1024.webp 1024w, https:\/\/mandys.ca\/wp-content\/uploads\/2025\/02\/Mandys-Story-2-300x300.webp 300w, https:\/\/mandys.ca\/wp-content\/uploads\/2025\/02\/Mandys-Story-2-150x150.webp 150w, https:\/\/mandys.ca\/wp-content\/uploads\/2025\/02\/Mandys-Story-2-768x768.webp 768w, https:\/\/mandys.ca\/wp-content\/uploads\/2025\/02\/Mandys-Story-2.webp 1440w\" sizes=\"(max-width: 800px) 100vw, 800px\" \/>\t\t\t\t\t\t\t\t\t\t\t\t\t\t\t<\/div>\n\t\t\t\t<\/div>\n\t\t\t\t<\/div>\n\t\t\t\t\t<\/div>\n\t\t\t\t<\/div>\n\t\t<div class=\"elementor-element elementor-element-caca634 e-flex e-con-boxed e-con e-parent\" data-id=\"caca634\" data-element_type=\"container\" data-e-type=\"container\">\n\t\t\t\t\t<div class=\"e-con-inner\">\n\t\t<div class=\"elementor-element elementor-element-f65d94f e-con-full e-flex e-con e-child\" data-id=\"f65d94f\" data-element_type=\"container\" data-e-type=\"container\">\n\t\t\t\t<div class=\"elementor-element elementor-element-fb3b30e elementor-widget elementor-widget-image\" data-id=\"fb3b30e\" data-element_type=\"widget\" data-e-type=\"widget\" data-widget_type=\"image.default\">\n\t\t\t\t<div class=\"elementor-widget-container\">\n\t\t\t\t\t\t\t\t\t\t\t\t\t\t\t<img decoding=\"async\" width=\"800\" height=\"800\" src=\"https:\/\/mandys.ca\/wp-content\/uploads\/2025\/02\/Mandys-Story-3-1024x1024.webp\" class=\"attachment-large size-large wp-image-6383\" alt=\"Mandy &amp; Rebecca Wolfe standing in front of the Mandy&#039;s Yorkville location entrance.\" srcset=\"https:\/\/mandys.ca\/wp-content\/uploads\/2025\/02\/Mandys-Story-3-1024x1024.webp 1024w, https:\/\/mandys.ca\/wp-content\/uploads\/2025\/02\/Mandys-Story-3-300x300.webp 300w, https:\/\/mandys.ca\/wp-content\/uploads\/2025\/02\/Mandys-Story-3-150x150.webp 150w, https:\/\/mandys.ca\/wp-content\/uploads\/2025\/02\/Mandys-Story-3-768x768.webp 768w, https:\/\/mandys.ca\/wp-content\/uploads\/2025\/02\/Mandys-Story-3.webp 1440w\" sizes=\"(max-width: 800px) 100vw, 800px\" \/>\t\t\t\t\t\t\t\t\t\t\t\t\t\t\t<\/div>\n\t\t\t\t<\/div>\n\t\t\t\t<\/div>\n\t\t<div class=\"elementor-element elementor-element-f0cd21a e-con-full e-flex e-con e-child\" data-id=\"f0cd21a\" data-element_type=\"container\" data-e-type=\"container\">\n\t\t\t\t<div class=\"elementor-element elementor-element-7ebbb28 elementor-widget elementor-widget-text-editor\" data-id=\"7ebbb28\" data-element_type=\"widget\" data-e-type=\"widget\" data-widget_type=\"text-editor.default\">\n\t\t\t\t<div class=\"elementor-widget-container\">\n\t\t\t\t\t\t\t\t\t<p>Fast forward to 2026, Mandy\u2019s has 9 locations in Montreal (including one in Brossard on the South Shore); Toronto has 4 storefronts with a new one on the way (Distillery District), as well as 3 ghost kitchens; one location on Bank Street in Ottawa; and a couple Mandy&rsquo;s locations coming soon to Kits and West Cordova in Vancouver. Les s\u0153urs ont deux livres de cuisine \u00e0 succ\u00e8s, des produits d&rsquo;\u00e9picerie et d&rsquo;autres produits de d\u00e9tail, un tas de nos d\u00e9licieuses vinaigrettes dans les \u00e9piceries \u00e0 travers le Canada et \u00e0 l&rsquo;\u00e9tranger.<\/p>\n<p>Mandy est encore Chef et Directrice du d\u00e9veloppement culinaire, alors que Rebecca cr\u00e9e le concept de tous les emplacements et dirige la Gestion de la marque.<\/p>\n<p>Lorsqu\u2019elles ne font pas de salades, soit les soeurs agrandissent leur famille et\/ou \u00e9l\u00e8vent leurs enfants, friands de l\u00e9gumes, au c\u0153ur de Montr\u00e9al.<\/p>\t\t\t\t\t\t\t\t<\/div>\n\t\t\t\t<\/div>\n\t\t\t\t<\/div>\n\t\t\t\t\t<\/div>\n\t\t\t\t<\/div>\n\t\t\t\t<\/div>\n\t\t","protected":false},"excerpt":{"rendered":"<p>Notre histoire Bref historique des Soeurs salades : en 2004, Mandy et Rebecca Wolfe ouvrent le premier comptoir \u00ab cr\u00e9er votre propre salade \u00bb dans l\u2019arri\u00e8re-boutique d\u2019un magasin de v\u00eatements pour femmes \u00e0 Montr\u00e9al. Notre histoire Bref historique des Soeurs salades : en 2004, Mandy et Rebecca Wolfe ouvrent le premier comptoir \u00ab cr\u00e9er votre [&hellip;]<\/p>\n","protected":false},"author":1,"featured_media":0,"parent":0,"menu_order":0,"comment_status":"closed","ping_status":"closed","template":"","meta":{"_acf_changed":false,"footnotes":""},"class_list":["post-1881","page","type-page","status-publish","hentry"],"acf":[],"_links":{"self":[{"href":"https:\/\/mandys.ca\/fr\/wp-json\/wp\/v2\/pages\/1881","targetHints":{"allow":["GET"]}}],"collection":[{"href":"https:\/\/mandys.ca\/fr\/wp-json\/wp\/v2\/pages"}],"about":[{"href":"https:\/\/mandys.ca\/fr\/wp-json\/wp\/v2\/types\/page"}],"author":[{"embeddable":true,"href":"https:\/\/mandys.ca\/fr\/wp-json\/wp\/v2\/users\/1"}],"replies":[{"embeddable":true,"href":"https:\/\/mandys.ca\/fr\/wp-json\/wp\/v2\/comments?post=1881"}],"version-history":[{"count":5,"href":"https:\/\/mandys.ca\/fr\/wp-json\/wp\/v2\/pages\/1881\/revisions"}],"predecessor-version":[{"id":6384,"href":"https:\/\/mandys.ca\/fr\/wp-json\/wp\/v2\/pages\/1881\/revisions\/6384"}],"wp:attachment":[{"href":"https:\/\/mandys.ca\/fr\/wp-json\/wp\/v2\/media?parent=1881"}],"curies":[{"name":"wp","href":"https:\/\/api.w.org\/{rel}","templated":true}]}}